{"id":30,"date":"2023-04-23T14:25:17","date_gmt":"2023-04-23T06:25:17","guid":{"rendered":"https:\/\/dry-ice-equipment.com\/?page_id=30"},"modified":"2023-08-18T15:02:27","modified_gmt":"2023-08-18T07:02:27","slug":"about-us","status":"publish","type":"page","link":"https:\/\/dry-ice-equipment.com\/pt\/about-us\/","title":{"rendered":"Sobre n\u00f3s"},"content":{"rendered":"<p>Somos um fabricante profissional de m\u00e1quinas de gelo seco, dedicado a fornecer equipamentos de produ\u00e7\u00e3o de gelo seco de alta qualidade para clientes em todo o mundo. Com um processo de produ\u00e7\u00e3o avan\u00e7ado e uma equipe profissional, estamos comprometidos com P&amp;D e inova\u00e7\u00e3o para atender \u00e0s necessidades de diferentes ind\u00fastrias. Nossas instala\u00e7\u00f5es fabris s\u00e3o modernizadas com equipamentos avan\u00e7ados e um rigoroso sistema de controle de qualidade para garantir a produ\u00e7\u00e3o de m\u00e1quinas de gelo seco confi\u00e1veis \u200b\u200be de alta qualidade.<\/p>    <h2 class=\"wp-block-heading\"><strong>M\u00e1quinas de gelo seco mais vendidas<\/strong><\/h2>    <p class=\"translation-block\">Oferecemos muitos tipos de m\u00e1quinas de gelo seco, incluindo <strong><em><a href=\"https:\/\/dry-ice-equipment.com\/pt\/dry-ice-pelletizer\/\">m\u00e1quina de pastilhas de gelo seco<\/a><\/em><\/strong>, <strong><em><a href=\"https:\/\/dry-ice-equipment.com\/pt\/dry-ice-block-machine\/\">m\u00e1quina de blocos de gelo seco<\/a><\/em><\/strong> e <strong><em><a href=\"https:\/\/dry-ice-equipment.com\/pt\/dry-ice-blasting-machine-for-sale\/\">m\u00e1quina de limpeza com gelo seco<\/a><\/em><\/strong>. Os nossos produtos s\u00e3o eficientes, fi\u00e1veis e seguros, e s\u00e3o amplamente utilizados na cadeia de frio alimentar, preserva\u00e7\u00e3o farmac\u00eautica, limpeza e desinfe\u00e7\u00e3o, etc. Estamos empenhados em fornecer solu\u00e7\u00f5es personalizadas para satisfazer as necessidades de diferentes ind\u00fastrias.<\/p>    <figure class=\"wp-block-gallery has-nested-images columns-default is-cropped wp-block-gallery-2 is-layout-flex wp-block-gallery-is-layout-flex\"> <figure class=\"wp-block-image size-large\"><img fetchpriority=\"high\" decoding=\"async\" width=\"720\" height=\"540\" data-id=\"1115\" src=\"https:\/\/dry-ice-equipment.com\/wp-content\/uploads\/2023\/05\/dry-ice-pelletizer-machine.webp\" alt=\"m\u00e1quina peletizadora de gelo seco\" class=\"wp-image-1115\" srcset=\"https:\/\/dry-ice-equipment.com\/wp-content\/uploads\/2023\/05\/dry-ice-pelletizer-machine.webp 720w, https:\/\/dry-ice-equipment.com\/wp-content\/uploads\/2023\/05\/dry-ice-pelletizer-machine-360x270.webp 360w, https:\/\/dry-ice-equipment.com\/wp-content\/uploads\/2023\/05\/dry-ice-pelletizer-machine-240x180.webp 240w\" sizes=\"(max-width: 720px) 100vw, 720px\" \/><figcaption class=\"wp-element-caption\">m\u00e1quina peletizadora de gelo seco<\/figcaption><\/figure>    <figure class=\"wp-block-image size-large\"><img decoding=\"async\" width=\"720\" height=\"540\" data-id=\"1088\" src=\"https:\/\/dry-ice-equipment.com\/wp-content\/uploads\/2023\/05\/dry-ice-block-maker.webp\" alt=\"fabricante de bloco de gelo seco\" class=\"wp-image-1088\" srcset=\"https:\/\/dry-ice-equipment.com\/wp-content\/uploads\/2023\/05\/dry-ice-block-maker.webp 720w, https:\/\/dry-ice-equipment.com\/wp-content\/uploads\/2023\/05\/dry-ice-block-maker-360x270.webp 360w, https:\/\/dry-ice-equipment.com\/wp-content\/uploads\/2023\/05\/dry-ice-block-maker-240x180.webp 240w\" sizes=\"(max-width: 720px) 100vw, 720px\" \/><figcaption class=\"wp-element-caption\">fabricante de bloco de gelo seco<\/figcaption><\/figure> <\/figure>    <figure class=\"wp-block-gallery aligncenter has-nested-images columns-default is-cropped wp-block-gallery-3 is-layout-flex wp-block-gallery-is-layout-flex\"> <figure class=\"wp-block-image size-large\"><img decoding=\"async\" width=\"720\" height=\"540\" data-id=\"1167\" src=\"https:\/\/dry-ice-equipment.com\/wp-content\/uploads\/2023\/05\/dry-ice-cleaning-machine.webp\" alt=\"m\u00e1quina de limpeza de gelo seco\" class=\"wp-image-1167\" srcset=\"https:\/\/dry-ice-equipment.com\/wp-content\/uploads\/2023\/05\/dry-ice-cleaning-machine.webp 720w, https:\/\/dry-ice-equipment.com\/wp-content\/uploads\/2023\/05\/dry-ice-cleaning-machine-360x270.webp 360w, https:\/\/dry-ice-equipment.com\/wp-content\/uploads\/2023\/05\/dry-ice-cleaning-machine-240x180.webp 240w\" sizes=\"(max-width: 720px) 100vw, 720px\" \/><figcaption class=\"wp-element-caption\">m\u00e1quina de limpeza de gelo seco<\/figcaption><\/figure>    <figure class=\"wp-block-image size-large\"><img loading=\"lazy\" decoding=\"async\" width=\"720\" height=\"400\" data-id=\"1597\" src=\"https:\/\/dry-ice-equipment.com\/wp-content\/uploads\/2023\/06\/dry-ice-storage-box-for-sale.webp\" alt=\"Vendo caixa de armazenamento de gelo seco\" class=\"wp-image-1597\" srcset=\"https:\/\/dry-ice-equipment.com\/wp-content\/uploads\/2023\/06\/dry-ice-storage-box-for-sale.webp 720w, https:\/\/dry-ice-equipment.com\/wp-content\/uploads\/2023\/06\/dry-ice-storage-box-for-sale-360x200.webp 360w\" sizes=\"(max-width: 720px) 100vw, 720px\" \/><figcaption class=\"wp-element-caption\">Vendo caixa de armazenamento de gelo seco<\/figcaption><\/figure> <\/figure>    <p>Como fabricante profissional de m\u00e1quinas de gelo seco, sempre insistimos na inova\u00e7\u00e3o cont\u00ednua e orientada para o cliente e na melhoria da qualidade do produto. Estamos comprometidos em construir parcerias de longo prazo com nossos clientes globais e em fornecer-lhes equipamentos confi\u00e1veis \u200b\u200bde produ\u00e7\u00e3o de gelo seco e excelente servi\u00e7o p\u00f3s-venda. Bem-vindo a entrar em contato conosco para saber mais sobre nossos produtos e servi\u00e7os.<\/p>    <h2 class=\"wp-block-heading\"><strong>Certificados<\/strong><\/h2>    <p>Nossos produtos para m\u00e1quinas de gelo seco passaram por rigorosos testes de qualidade e certifica\u00e7\u00e3o com certificados e aprova\u00e7\u00f5es relevantes. Nossos produtos atendem aos padr\u00f5es internacionais e s\u00e3o certificados por sistemas de gest\u00e3o de qualidade. Esses certificados e aprova\u00e7\u00f5es s\u00e3o nosso compromisso com a qualidade do produto e a satisfa\u00e7\u00e3o do cliente.<\/p>    <h2 class=\"wp-block-heading\"><strong>Feedback de clientes em todo o mundo<\/strong><\/h2>    <p>Nossos clientes fazem coment\u00e1rios positivos sobre nossos produtos e servi\u00e7os. Eles reconhecem a efici\u00eancia, confiabilidade e durabilidade de nossas m\u00e1quinas de gelo seco. A satisfa\u00e7\u00e3o do cliente \u00e9 o nosso objetivo constante e continuaremos a oferecer aos nossos clientes produtos de qualidade e um servi\u00e7o de excel\u00eancia.<\/p>","protected":false},"excerpt":{"rendered":"<p>We are a professional manufacturer of dry ice machines, dedicated to providing high-quality dry ice production equipment to customers worldwide. With an advanced production process and professional team, we are committed to R&amp;D and innovation to meet the needs of different industries. Our factory facilities are modernized with advanced equipment and a strict quality control [&hellip;]<\/p>\n","protected":false},"author":1,"featured_media":0,"parent":0,"menu_order":0,"comment_status":"closed","ping_status":"closed","template":"","meta":{"footnotes":""},"class_list":["post-30","page","type-page","status-publish","hentry"],"_links":{"self":[{"href":"https:\/\/dry-ice-equipment.com\/pt\/wp-json\/wp\/v2\/pages\/30","targetHints":{"allow":["GET"]}}],"collection":[{"href":"https:\/\/dry-ice-equipment.com\/pt\/wp-json\/wp\/v2\/pages"}],"about":[{"href":"https:\/\/dry-ice-equipment.com\/pt\/wp-json\/wp\/v2\/types\/page"}],"author":[{"embeddable":true,"href":"https:\/\/dry-ice-equipment.com\/pt\/wp-json\/wp\/v2\/users\/1"}],"replies":[{"embeddable":true,"href":"https:\/\/dry-ice-equipment.com\/pt\/wp-json\/wp\/v2\/comments?post=30"}],"version-history":[{"count":0,"href":"https:\/\/dry-ice-equipment.com\/pt\/wp-json\/wp\/v2\/pages\/30\/revisions"}],"wp:attachment":[{"href":"https:\/\/dry-ice-equipment.com\/pt\/wp-json\/wp\/v2\/media?parent=30"}],"curies":[{"name":"wp","href":"https:\/\/api.w.org\/{rel}","templated":true}]}}