{"id":1302,"date":"2023-05-26T17:01:15","date_gmt":"2023-05-26T09:01:15","guid":{"rendered":"https:\/\/dry-ice-equipment.com\/?page_id=1302"},"modified":"2023-05-26T17:13:30","modified_gmt":"2023-05-26T09:13:30","slug":"faq","status":"publish","type":"page","link":"https:\/\/dry-ice-equipment.com\/pt\/faq\/","title":{"rendered":"Perguntas frequentes"},"content":{"rendered":"<div id=\"rank-math-faq\" class=\"rank-math-block\"> <div class=\"rank-math-list\"> <div id=\"faq-question-1685091836096\" class=\"rank-math-list-item\"> <h2 class=\"rank-math-question\">Q1: O que \u00e9 uma m\u00e1quina de gelo seco?<\/h2> <div class=\"rank-math-answer\">  <p>A1: Uma m\u00e1quina de gelo seco \u00e9 um equipamento projetado especificamente para produzir gelo seco, resfriando e comprimindo rapidamente o di\u00f3xido de carbono l\u00edquido para que ele se condense em gelo seco s\u00f3lido.<\/p>  <\/div> <\/div> <div id=\"faq-question-1685091896187\" class=\"rank-math-list-item\"> <h2 class=\"rank-math-question\">Q2: Quais s\u00e3o os usos do gelo seco?<\/h2> <div class=\"rank-math-answer\">  <p>A2: O gelo seco tem caracter\u00edsticas de baixa temperatura, sem res\u00edduos, sem umidade, etc. \u00c9 amplamente utilizado em refrigera\u00e7\u00e3o de alimentos, transporte m\u00e9dico, limpeza de gelo seco e outros campos.<\/p>  <\/div> <\/div> <div id=\"faq-question-1685091928787\" class=\"rank-math-list-item\"> <h2 class=\"rank-math-question\">Q3: Como escolher uma m\u00e1quina de gelo seco adequada?<\/h2> <div class=\"rank-math-answer\">  <p>A3: Ao escolher uma m\u00e1quina de gelo seco, voc\u00ea precisa considerar fatores como capacidade de produ\u00e7\u00e3o, tipo de gelo seco (pelota, bloco), cen\u00e1rios de uso e comunica\u00e7\u00e3o com o fabricante para obter uma solu\u00e7\u00e3o customizada.<\/p>  <\/div> <\/div> <div id=\"faq-question-1685091969258\" class=\"rank-math-list-item\"> <h2 class=\"rank-math-question\">Q4: Quais s\u00e3o as condi\u00e7\u00f5es de armazenamento do gelo seco?<\/h2> <div class=\"rank-math-answer\">  <p>A4: O gelo seco deve ser armazenado em recipientes fechados e isolados em baixas temperaturas para evitar sua r\u00e1pida evapora\u00e7\u00e3o.<\/p>  <\/div> <\/div> <div id=\"faq-question-1685092000658\" class=\"rank-math-list-item\"> <h2 class=\"rank-math-question\">Q5: O gelo seco produz vapores?<\/h2> <div class=\"rank-math-answer\">  <p>A5: Sim, o gelo seco se converter\u00e1 rapidamente em g\u00e1s di\u00f3xido de carbono quando em contato com o ar e produzir\u00e1 um efeito de fuma\u00e7a branca.<\/p>  <\/div> <\/div> <div id=\"faq-question-1685092019770\" class=\"rank-math-list-item\"> <h2 class=\"rank-math-question\">Q6: Qual \u00e9 a taxa de dissolu\u00e7\u00e3o do gelo seco?<\/h2> <div class=\"rank-math-answer\">  <p>A6: A taxa de dissolu\u00e7\u00e3o do gelo seco depende das condi\u00e7\u00f5es ambientais e da forma de uso, geralmente, o bloco de gelo seco pode ser completamente dissolvido em 24 horas.<\/p>  <\/div> <\/div> <div id=\"faq-question-1685092057836\" class=\"rank-math-list-item\"> <h2 class=\"rank-math-question\">Q7: O gelo seco pode ser reutilizado?<\/h2> <div class=\"rank-math-answer\">  <p>A7: O gelo seco \u00e9 um produto consum\u00edvel e, uma vez dissolvido, n\u00e3o pode ser solidificado novamente em gelo seco. O gelo seco precisa ser preparado novamente conforme necess\u00e1rio.<\/p>  <\/div> <\/div> <div id=\"faq-question-1685092113947\" class=\"rank-math-list-item\"> <h2 class=\"rank-math-question\">Q8: Como fa\u00e7o para comprar uma m\u00e1quina de gelo seco?<\/h2> <div class=\"rank-math-answer\">  <p>A8: Voc\u00ea pode entrar em contato com o fabricante ou fornecedor da m\u00e1quina de gelo seco para obter especifica\u00e7\u00f5es do produto, pre\u00e7o e servi\u00e7o p\u00f3s-venda e tomar uma decis\u00e3o de compra com base em suas necessidades reais.<\/p>  <\/div> <\/div> <div id=\"faq-question-1685092135851\" class=\"rank-math-list-item\"> <h2 class=\"rank-math-question\">Q9: O que inclui o servi\u00e7o p\u00f3s-venda da m\u00e1quina de gelo seco?<\/h2> <div class=\"rank-math-answer\">  <p>A9: O servi\u00e7o p\u00f3s-venda para m\u00e1quinas de gelo seco geralmente inclui instru\u00e7\u00f5es de instala\u00e7\u00e3o de equipamentos, treinamento de opera\u00e7\u00e3o, suporte t\u00e9cnico e manuten\u00e7\u00e3o. Certifique-se de esclarecer as especifica\u00e7\u00f5es e a dura\u00e7\u00e3o do servi\u00e7o p\u00f3s-venda com seu fornecedor.<\/p>  <\/div> <\/div> <div id=\"faq-question-1685092158459\" class=\"rank-math-list-item\"> <h2 class=\"rank-math-question\">Q10: Como entro em contato com meu fornecedor de m\u00e1quina de gelo seco para obter suporte p\u00f3s-venda?<\/h2> <div class=\"rank-math-answer\">  <p>R10: Voc\u00ea pode entrar em contato com seu fornecedor para suporte p\u00f3s-venda por e-mail, telefone ou atendimento ao cliente online. O fornecedor geralmente fornecer\u00e1 informa\u00e7\u00f5es de contato para facilitar a comunica\u00e7\u00e3o e auxiliar na resolu\u00e7\u00e3o de problemas.<\/p>  <\/div> <\/div> <\/div> <\/div>","protected":false},"excerpt":{"rendered":"","protected":false},"author":1,"featured_media":0,"parent":0,"menu_order":0,"comment_status":"closed","ping_status":"closed","template":"","meta":{"footnotes":""},"class_list":["post-1302","page","type-page","status-publish","hentry"],"_links":{"self":[{"href":"https:\/\/dry-ice-equipment.com\/pt\/wp-json\/wp\/v2\/pages\/1302","targetHints":{"allow":["GET"]}}],"collection":[{"href":"https:\/\/dry-ice-equipment.com\/pt\/wp-json\/wp\/v2\/pages"}],"about":[{"href":"https:\/\/dry-ice-equipment.com\/pt\/wp-json\/wp\/v2\/types\/page"}],"author":[{"embeddable":true,"href":"https:\/\/dry-ice-equipment.com\/pt\/wp-json\/wp\/v2\/users\/1"}],"replies":[{"embeddable":true,"href":"https:\/\/dry-ice-equipment.com\/pt\/wp-json\/wp\/v2\/comments?post=1302"}],"version-history":[{"count":0,"href":"https:\/\/dry-ice-equipment.com\/pt\/wp-json\/wp\/v2\/pages\/1302\/revisions"}],"wp:attachment":[{"href":"https:\/\/dry-ice-equipment.com\/pt\/wp-json\/wp\/v2\/media?parent=1302"}],"curies":[{"name":"wp","href":"https:\/\/api.w.org\/{rel}","templated":true}]}}