{"id":30,"date":"2023-04-23T14:25:17","date_gmt":"2023-04-23T06:25:17","guid":{"rendered":"https:\/\/dry-ice-equipment.com\/?page_id=30"},"modified":"2023-08-18T15:02:27","modified_gmt":"2023-08-18T07:02:27","slug":"about-us","status":"publish","type":"page","link":"https:\/\/dry-ice-equipment.com\/fr\/about-us\/","title":{"rendered":"\u00c0 propos de nous"},"content":{"rendered":"<p>Nous sommes un fabricant professionnel de machines \u00e0 glace carbonique, d\u00e9di\u00e9 \u00e0 fournir des \u00e9quipements de production de glace carbonique de haute qualit\u00e9 aux clients du monde entier. Avec un processus de production avanc\u00e9 et une \u00e9quipe professionnelle, nous nous engageons dans la R&amp;D et l\u2019innovation pour r\u00e9pondre aux besoins des diff\u00e9rentes industries. Nos installations d'usine sont modernis\u00e9es avec des \u00e9quipements de pointe et un syst\u00e8me de contr\u00f4le de qualit\u00e9 strict pour garantir la production de machines \u00e0 glace carbonique fiables et de haute qualit\u00e9.<\/p>    <h2 class=\"wp-block-heading\"><strong>Machines \u00e0 glace carbonique les plus vendues<\/strong><\/h2>    <p class=\"translation-block\">Nous proposons de nombreux types de machines \u00e0 glace carbonique, y compris des <strong><em><a href=\"https:\/\/dry-ice-equipment.com\/fr\/dry-ice-pelletizer\/\">machines \u00e0 granul\u00e9s de glace carbonique<\/a><\/em><\/strong>, des <strong><em><a href=\"https:\/\/dry-ice-equipment.com\/fr\/dry-ice-block-machine\/\">machines \u00e0 blocs de glace carbonique<\/a><\/em><\/strong> et des <strong><em><a href=\"https:\/\/dry-ice-equipment.com\/fr\/dry-ice-blasting-machine-for-sale\/\">machines de nettoyage \u00e0 glace carbonique<\/a><\/em><\/strong>. Nos produits sont efficaces, fiables et s\u00fbrs, et sont largement utilis\u00e9s dans la cha\u00eene du froid alimentaire, la conservation pharmaceutique, le nettoyage et la d\u00e9sinfection, etc. Nous nous engageons \u00e0 fournir des solutions personnalis\u00e9es pour r\u00e9pondre aux besoins des diff\u00e9rentes industries.<\/p>    <figure class=\"wp-block-gallery has-nested-images columns-default is-cropped wp-block-gallery-2 is-layout-flex wp-block-gallery-is-layout-flex\"> <figure class=\"wp-block-image size-large\"><img fetchpriority=\"high\" decoding=\"async\" width=\"720\" height=\"540\" data-id=\"1115\" src=\"https:\/\/dry-ice-equipment.com\/wp-content\/uploads\/2023\/05\/dry-ice-pelletizer-machine.webp\" alt=\"machine de granulation de glace carbonique\" class=\"wp-image-1115\" srcset=\"https:\/\/dry-ice-equipment.com\/wp-content\/uploads\/2023\/05\/dry-ice-pelletizer-machine.webp 720w, https:\/\/dry-ice-equipment.com\/wp-content\/uploads\/2023\/05\/dry-ice-pelletizer-machine-360x270.webp 360w, https:\/\/dry-ice-equipment.com\/wp-content\/uploads\/2023\/05\/dry-ice-pelletizer-machine-240x180.webp 240w\" sizes=\"(max-width: 720px) 100vw, 720px\" \/><figcaption class=\"wp-element-caption\">machine de granulation de glace carbonique<\/figcaption><\/figure>    <figure class=\"wp-block-image size-large\"><img decoding=\"async\" width=\"720\" height=\"540\" data-id=\"1088\" src=\"https:\/\/dry-ice-equipment.com\/wp-content\/uploads\/2023\/05\/dry-ice-block-maker.webp\" alt=\"fabricant de blocs de glace carbonique\" class=\"wp-image-1088\" srcset=\"https:\/\/dry-ice-equipment.com\/wp-content\/uploads\/2023\/05\/dry-ice-block-maker.webp 720w, https:\/\/dry-ice-equipment.com\/wp-content\/uploads\/2023\/05\/dry-ice-block-maker-360x270.webp 360w, https:\/\/dry-ice-equipment.com\/wp-content\/uploads\/2023\/05\/dry-ice-block-maker-240x180.webp 240w\" sizes=\"(max-width: 720px) 100vw, 720px\" \/><figcaption class=\"wp-element-caption\">fabricant de blocs de glace carbonique<\/figcaption><\/figure> <\/figure>    <figure class=\"wp-block-gallery aligncenter has-nested-images columns-default is-cropped wp-block-gallery-3 is-layout-flex wp-block-gallery-is-layout-flex\"> <figure class=\"wp-block-image size-large\"><img decoding=\"async\" width=\"720\" height=\"540\" data-id=\"1167\" src=\"https:\/\/dry-ice-equipment.com\/wp-content\/uploads\/2023\/05\/dry-ice-cleaning-machine.webp\" alt=\"machine de nettoyage \u00e0 glace carbonique\" class=\"wp-image-1167\" srcset=\"https:\/\/dry-ice-equipment.com\/wp-content\/uploads\/2023\/05\/dry-ice-cleaning-machine.webp 720w, https:\/\/dry-ice-equipment.com\/wp-content\/uploads\/2023\/05\/dry-ice-cleaning-machine-360x270.webp 360w, https:\/\/dry-ice-equipment.com\/wp-content\/uploads\/2023\/05\/dry-ice-cleaning-machine-240x180.webp 240w\" sizes=\"(max-width: 720px) 100vw, 720px\" \/><figcaption class=\"wp-element-caption\">machine de nettoyage \u00e0 glace carbonique<\/figcaption><\/figure>    <figure class=\"wp-block-image size-large\"><img loading=\"lazy\" decoding=\"async\" width=\"720\" height=\"400\" data-id=\"1597\" src=\"https:\/\/dry-ice-equipment.com\/wp-content\/uploads\/2023\/06\/dry-ice-storage-box-for-sale.webp\" alt=\"bo\u00eete de stockage de glace carbonique \u00e0 vendre\" class=\"wp-image-1597\" srcset=\"https:\/\/dry-ice-equipment.com\/wp-content\/uploads\/2023\/06\/dry-ice-storage-box-for-sale.webp 720w, https:\/\/dry-ice-equipment.com\/wp-content\/uploads\/2023\/06\/dry-ice-storage-box-for-sale-360x200.webp 360w\" sizes=\"(max-width: 720px) 100vw, 720px\" \/><figcaption class=\"wp-element-caption\">bo\u00eete de stockage de glace carbonique \u00e0 vendre<\/figcaption><\/figure> <\/figure>    <p>En tant que fabricant professionnel de machines \u00e0 glace carbonique, nous insistons toujours sur une innovation continue et orient\u00e9e vers le client et sur l'am\u00e9lioration de la qualit\u00e9 des produits. Nous nous engageons \u00e0 \u00e9tablir des partenariats \u00e0 long terme avec nos clients mondiaux et \u00e0 leur fournir des \u00e9quipements de production de glace carbonique fiables et un excellent service apr\u00e8s-vente. Bienvenue \u00e0 nous contacter pour en savoir plus sur nos produits et services.<\/p>    <h2 class=\"wp-block-heading\"><strong>Certificats<\/strong><\/h2>    <p>Nos produits de machines \u00e0 glace carbonique ont subi des tests de qualit\u00e9 rigoureux et une certification avec les certificats et approbations pertinents. Nos produits sont conformes aux normes internationales et sont certifi\u00e9s par des syst\u00e8mes de gestion de la qualit\u00e9. Ces certificats et approbations constituent notre engagement envers la qualit\u00e9 des produits et la satisfaction du client.<\/p>    <h2 class=\"wp-block-heading\"><strong>Commentaires des clients du monde entier<\/strong><\/h2>    <p>Nos clients donnent des commentaires positifs sur nos produits et services. Ils reconnaissent l'efficacit\u00e9, la fiabilit\u00e9 et la durabilit\u00e9 de nos machines \u00e0 glace carbonique. La satisfaction du client est notre objectif constant et nous continuerons \u00e0 fournir \u00e0 nos clients des produits de qualit\u00e9 et un excellent service.<\/p>","protected":false},"excerpt":{"rendered":"<p>We are a professional manufacturer of dry ice machines, dedicated to providing high-quality dry ice production equipment to customers worldwide. With an advanced production process and professional team, we are committed to R&amp;D and innovation to meet the needs of different industries. Our factory facilities are modernized with advanced equipment and a strict quality control [&hellip;]<\/p>\n","protected":false},"author":1,"featured_media":0,"parent":0,"menu_order":0,"comment_status":"closed","ping_status":"closed","template":"","meta":{"footnotes":""},"class_list":["post-30","page","type-page","status-publish","hentry"],"_links":{"self":[{"href":"https:\/\/dry-ice-equipment.com\/fr\/wp-json\/wp\/v2\/pages\/30","targetHints":{"allow":["GET"]}}],"collection":[{"href":"https:\/\/dry-ice-equipment.com\/fr\/wp-json\/wp\/v2\/pages"}],"about":[{"href":"https:\/\/dry-ice-equipment.com\/fr\/wp-json\/wp\/v2\/types\/page"}],"author":[{"embeddable":true,"href":"https:\/\/dry-ice-equipment.com\/fr\/wp-json\/wp\/v2\/users\/1"}],"replies":[{"embeddable":true,"href":"https:\/\/dry-ice-equipment.com\/fr\/wp-json\/wp\/v2\/comments?post=30"}],"version-history":[{"count":0,"href":"https:\/\/dry-ice-equipment.com\/fr\/wp-json\/wp\/v2\/pages\/30\/revisions"}],"wp:attachment":[{"href":"https:\/\/dry-ice-equipment.com\/fr\/wp-json\/wp\/v2\/media?parent=30"}],"curies":[{"name":"wp","href":"https:\/\/api.w.org\/{rel}","templated":true}]}}