{"id":1302,"date":"2023-05-26T17:01:15","date_gmt":"2023-05-26T09:01:15","guid":{"rendered":"https:\/\/dry-ice-equipment.com\/?page_id=1302"},"modified":"2023-05-26T17:13:30","modified_gmt":"2023-05-26T09:13:30","slug":"faq","status":"publish","type":"page","link":"https:\/\/dry-ice-equipment.com\/fr\/faq\/","title":{"rendered":"FAQ"},"content":{"rendered":"<div id=\"rank-math-faq\" class=\"rank-math-block\"> <div class=\"rank-math-list\"> <div id=\"faq-question-1685091836096\" class=\"rank-math-list-item\"> <h2 class=\"rank-math-question\">Q1\u00a0:\u00a0Qu\u2019est-ce qu\u2019une machine \u00e0 glace carbonique\u00a0?<\/h2> <div class=\"rank-math-answer\">  <p>A1 : Une machine \u00e0 glace carbonique est un \u00e9quipement sp\u00e9cialement con\u00e7u pour produire de la glace carbonique en refroidissant et en comprimant rapidement le dioxyde de carbone liquide afin qu'il se condense en glace carbonique solide.<\/p>  <\/div> <\/div> <div id=\"faq-question-1685091896187\" class=\"rank-math-list-item\"> <h2 class=\"rank-math-question\">Q2 : Quelles sont les utilisations de la neige carbonique ?<\/h2> <div class=\"rank-math-answer\">  <p>A2 : La glace s\u00e8che a les caract\u00e9ristiques de basse temp\u00e9rature, d\u2019absence de r\u00e9sidus, d\u2019absence d\u2019humidit\u00e9, etc. Elle est largement utilis\u00e9e dans la r\u00e9frig\u00e9ration alimentaire, le transport m\u00e9dical, le nettoyage par glace s\u00e8che et d\u2019autres domaines.<\/p>  <\/div> <\/div> <div id=\"faq-question-1685091928787\" class=\"rank-math-list-item\"> <h2 class=\"rank-math-question\">Q3 : Comment choisir une machine \u00e0 glace carbonique appropri\u00e9e ?<\/h2> <div class=\"rank-math-answer\">  <p>A3 : Lors du choix d'une machine \u00e0 glace carbonique, vous devez prendre en compte des facteurs tels que la capacit\u00e9 de production, le type de glace carbonique (granul\u00e9s, bloc), les sc\u00e9narios d'utilisation et la communication avec le fabricant pour obtenir une solution personnalis\u00e9e.<\/p>  <\/div> <\/div> <div id=\"faq-question-1685091969258\" class=\"rank-math-list-item\"> <h2 class=\"rank-math-question\">Q4 : Quelles sont les conditions de stockage de la neige carbonique ?<\/h2> <div class=\"rank-math-answer\">  <p>R4\u00a0:\u00a0La neige carbonique doit \u00eatre stock\u00e9e dans des conteneurs scell\u00e9s et isol\u00e9s \u00e0 basse temp\u00e9rature pour \u00e9viter son \u00e9vaporation rapide.<\/p>  <\/div> <\/div> <div id=\"faq-question-1685092000658\" class=\"rank-math-list-item\"> <h2 class=\"rank-math-question\">Q5\u00a0: La glace carbonique produit-elle des fum\u00e9es\u00a0?<\/h2> <div class=\"rank-math-answer\">  <p>R5\u00a0:\u00a0Oui, la neige carbonique se transforme rapidement en dioxyde de carbone au contact de l'air et produit un effet de fum\u00e9e blanche.<\/p>  <\/div> <\/div> <div id=\"faq-question-1685092019770\" class=\"rank-math-list-item\"> <h2 class=\"rank-math-question\">Q6 : Quelle est la vitesse de dissolution de la neige carbonique ?<\/h2> <div class=\"rank-math-answer\">  <p>A6 : Le taux de dissolution de la glace carbonique d\u00e9pend des conditions environnementales et du mode d'utilisation. G\u00e9n\u00e9ralement, le bloc de glace carbonique peut \u00eatre compl\u00e8tement dissous dans les 24 heures.<\/p>  <\/div> <\/div> <div id=\"faq-question-1685092057836\" class=\"rank-math-list-item\"> <h2 class=\"rank-math-question\">Q7\u00a0: La glace carbonique peut-elle \u00eatre r\u00e9utilis\u00e9e\u00a0?<\/h2> <div class=\"rank-math-answer\">  <p>R7 : La neige carbonique est un produit consommable et une fois dissoute, elle ne peut plus \u00eatre solidifi\u00e9e en neige carbonique. La glace carbonique doit \u00eatre \u00e0 nouveau pr\u00e9par\u00e9e si n\u00e9cessaire.<\/p>  <\/div> <\/div> <div id=\"faq-question-1685092113947\" class=\"rank-math-list-item\"> <h2 class=\"rank-math-question\">Q8\u00a0: Comment acheter une machine \u00e0 glace carbonique\u00a0?<\/h2> <div class=\"rank-math-answer\">  <p>A8 : Vous pouvez contacter le fabricant ou le fournisseur de la machine \u00e0 glace carbonique pour conna\u00eetre les sp\u00e9cifications du produit, le prix et le service apr\u00e8s-vente, et prendre une d\u00e9cision d'achat en fonction de vos besoins r\u00e9els.<\/p>  <\/div> <\/div> <div id=\"faq-question-1685092135851\" class=\"rank-math-list-item\"> <h2 class=\"rank-math-question\">Q9 : Que comprend le service apr\u00e8s-vente de la machine \u00e0 glace carbonique ?<\/h2> <div class=\"rank-math-answer\">  <p>A9 : Le service apr\u00e8s-vente pour les machines \u00e0 glace carbonique comprend g\u00e9n\u00e9ralement les instructions d'installation de l'\u00e9quipement, la formation au fonctionnement, l'assistance technique et la maintenance. Assurez-vous de clarifier les sp\u00e9cificit\u00e9s et la dur\u00e9e du service apr\u00e8s-vente avec votre fournisseur.<\/p>  <\/div> <\/div> <div id=\"faq-question-1685092158459\" class=\"rank-math-list-item\"> <h2 class=\"rank-math-question\">Q10\u00a0: Comment puis-je contacter mon fournisseur de machine \u00e0 glace carbonique pour obtenir une assistance apr\u00e8s-vente\u00a0?<\/h2> <div class=\"rank-math-answer\">  <p>A10\u00a0: Vous pouvez contacter votre fournisseur pour obtenir une assistance apr\u00e8s-vente par e-mail, par t\u00e9l\u00e9phone ou par le service client en ligne. Le fournisseur fournira g\u00e9n\u00e9ralement des informations de contact pour faciliter la communication et aider \u00e0 r\u00e9soudre les probl\u00e8mes.<\/p>  <\/div> <\/div> <\/div> <\/div>","protected":false},"excerpt":{"rendered":"","protected":false},"author":1,"featured_media":0,"parent":0,"menu_order":0,"comment_status":"closed","ping_status":"closed","template":"","meta":{"footnotes":""},"class_list":["post-1302","page","type-page","status-publish","hentry"],"_links":{"self":[{"href":"https:\/\/dry-ice-equipment.com\/fr\/wp-json\/wp\/v2\/pages\/1302","targetHints":{"allow":["GET"]}}],"collection":[{"href":"https:\/\/dry-ice-equipment.com\/fr\/wp-json\/wp\/v2\/pages"}],"about":[{"href":"https:\/\/dry-ice-equipment.com\/fr\/wp-json\/wp\/v2\/types\/page"}],"author":[{"embeddable":true,"href":"https:\/\/dry-ice-equipment.com\/fr\/wp-json\/wp\/v2\/users\/1"}],"replies":[{"embeddable":true,"href":"https:\/\/dry-ice-equipment.com\/fr\/wp-json\/wp\/v2\/comments?post=1302"}],"version-history":[{"count":0,"href":"https:\/\/dry-ice-equipment.com\/fr\/wp-json\/wp\/v2\/pages\/1302\/revisions"}],"wp:attachment":[{"href":"https:\/\/dry-ice-equipment.com\/fr\/wp-json\/wp\/v2\/media?parent=1302"}],"curies":[{"name":"wp","href":"https:\/\/api.w.org\/{rel}","templated":true}]}}