{"id":30,"date":"2023-04-23T14:25:17","date_gmt":"2023-04-23T06:25:17","guid":{"rendered":"https:\/\/dry-ice-equipment.com\/?page_id=30"},"modified":"2023-08-18T15:02:27","modified_gmt":"2023-08-18T07:02:27","slug":"about-us","status":"publish","type":"page","link":"https:\/\/dry-ice-equipment.com\/es\/about-us\/","title":{"rendered":"Sobre nosotros"},"content":{"rendered":"<p>Somos un fabricante profesional de m\u00e1quinas de hielo seco, dedicados a proporcionar equipos de producci\u00f3n de hielo seco de alta calidad a clientes de todo el mundo. Con un proceso de producci\u00f3n avanzado y un equipo profesional, estamos comprometidos con la I+D y la innovaci\u00f3n para satisfacer las necesidades de diferentes industrias. Nuestras instalaciones de f\u00e1brica est\u00e1n modernizadas con equipos avanzados y un estricto sistema de control de calidad para garantizar la producci\u00f3n de m\u00e1quinas de hielo seco confiables y de alta calidad.<\/p>    <h2 class=\"wp-block-heading\"><strong>M\u00e1quinas de hielo seco m\u00e1s vendidas<\/strong><\/h2>    <p class=\"translation-block\">Ofrecemos muchos tipos de m\u00e1quinas de hielo seco, incluyendo <strong><em><a href=\"https:\/\/dry-ice-equipment.com\/es\/dry-ice-pelletizer\/\">m\u00e1quina de pellets de hielo seco<\/a><\/em><\/strong>, <strong><em><a href=\"https:\/\/dry-ice-equipment.com\/es\/dry-ice-block-machine\/\">m\u00e1quina de bloques de hielo seco<\/a><\/em><\/strong> y <strong><em><a href=\"https:\/\/dry-ice-equipment.com\/es\/dry-ice-blasting-machine-for-sale\/\">m\u00e1quina de limpieza con hielo seco<\/a><\/em><\/strong>. Nuestros productos son eficientes, fiables y seguros, y se utilizan ampliamente en la cadena de fr\u00edo de alimentos, conservaci\u00f3n farmac\u00e9utica, limpieza y desinfecci\u00f3n, etc. Estamos comprometidos a proporcionar soluciones personalizadas para satisfacer las necesidades de diferentes industrias.<\/p>    <figure class=\"wp-block-gallery has-nested-images columns-default is-cropped wp-block-gallery-2 is-layout-flex wp-block-gallery-is-layout-flex\"> <figure class=\"wp-block-image size-large\"><img fetchpriority=\"high\" decoding=\"async\" width=\"720\" height=\"540\" data-id=\"1115\" src=\"https:\/\/dry-ice-equipment.com\/wp-content\/uploads\/2023\/05\/dry-ice-pelletizer-machine.webp\" alt=\"m\u00e1quina granuladora de hielo seco\" class=\"wp-image-1115\" srcset=\"https:\/\/dry-ice-equipment.com\/wp-content\/uploads\/2023\/05\/dry-ice-pelletizer-machine.webp 720w, https:\/\/dry-ice-equipment.com\/wp-content\/uploads\/2023\/05\/dry-ice-pelletizer-machine-360x270.webp 360w, https:\/\/dry-ice-equipment.com\/wp-content\/uploads\/2023\/05\/dry-ice-pelletizer-machine-240x180.webp 240w\" sizes=\"(max-width: 720px) 100vw, 720px\" \/><figcaption class=\"wp-element-caption\">m\u00e1quina granuladora de hielo seco<\/figcaption><\/figure>    <figure class=\"wp-block-image size-large\"><img decoding=\"async\" width=\"720\" height=\"540\" data-id=\"1088\" src=\"https:\/\/dry-ice-equipment.com\/wp-content\/uploads\/2023\/05\/dry-ice-block-maker.webp\" alt=\"fabricante de bloques de hielo seco\" class=\"wp-image-1088\" srcset=\"https:\/\/dry-ice-equipment.com\/wp-content\/uploads\/2023\/05\/dry-ice-block-maker.webp 720w, https:\/\/dry-ice-equipment.com\/wp-content\/uploads\/2023\/05\/dry-ice-block-maker-360x270.webp 360w, https:\/\/dry-ice-equipment.com\/wp-content\/uploads\/2023\/05\/dry-ice-block-maker-240x180.webp 240w\" sizes=\"(max-width: 720px) 100vw, 720px\" \/><figcaption class=\"wp-element-caption\">fabricante de bloques de hielo seco<\/figcaption><\/figure> <\/figure>    <figure class=\"wp-block-gallery aligncenter has-nested-images columns-default is-cropped wp-block-gallery-3 is-layout-flex wp-block-gallery-is-layout-flex\"> <figure class=\"wp-block-image size-large\"><img decoding=\"async\" width=\"720\" height=\"540\" data-id=\"1167\" src=\"https:\/\/dry-ice-equipment.com\/wp-content\/uploads\/2023\/05\/dry-ice-cleaning-machine.webp\" alt=\"m\u00e1quina de limpieza con hielo seco\" class=\"wp-image-1167\" srcset=\"https:\/\/dry-ice-equipment.com\/wp-content\/uploads\/2023\/05\/dry-ice-cleaning-machine.webp 720w, https:\/\/dry-ice-equipment.com\/wp-content\/uploads\/2023\/05\/dry-ice-cleaning-machine-360x270.webp 360w, https:\/\/dry-ice-equipment.com\/wp-content\/uploads\/2023\/05\/dry-ice-cleaning-machine-240x180.webp 240w\" sizes=\"(max-width: 720px) 100vw, 720px\" \/><figcaption class=\"wp-element-caption\">m\u00e1quina de limpieza con hielo seco<\/figcaption><\/figure>    <figure class=\"wp-block-image size-large\"><img loading=\"lazy\" decoding=\"async\" width=\"720\" height=\"400\" data-id=\"1597\" src=\"https:\/\/dry-ice-equipment.com\/wp-content\/uploads\/2023\/06\/dry-ice-storage-box-for-sale.webp\" alt=\"Caja de almacenamiento de hielo seco a la venta.\" class=\"wp-image-1597\" srcset=\"https:\/\/dry-ice-equipment.com\/wp-content\/uploads\/2023\/06\/dry-ice-storage-box-for-sale.webp 720w, https:\/\/dry-ice-equipment.com\/wp-content\/uploads\/2023\/06\/dry-ice-storage-box-for-sale-360x200.webp 360w\" sizes=\"(max-width: 720px) 100vw, 720px\" \/><figcaption class=\"wp-element-caption\">Caja de almacenamiento de hielo seco a la venta.<\/figcaption><\/figure> <\/figure>    <p>Como fabricante profesional de m\u00e1quinas de hielo seco, siempre insistimos en la innovaci\u00f3n continua y orientada al cliente y la mejora de la calidad del producto. Estamos comprometidos a construir asociaciones a largo plazo con nuestros clientes globales y brindarles equipos confiables de producci\u00f3n de hielo seco y un excelente servicio posventa. Bienvenido a contactarnos para obtener m\u00e1s informaci\u00f3n sobre nuestros productos y servicios.<\/p>    <h2 class=\"wp-block-heading\"><strong>Certificados<\/strong><\/h2>    <p>Nuestros productos de m\u00e1quinas de hielo seco se han sometido a rigurosas pruebas de calidad y certificaciones con los certificados y aprobaciones pertinentes. Nuestros productos cumplen con est\u00e1ndares internacionales y est\u00e1n certificados por sistemas de gesti\u00f3n de calidad. Estos certificados y aprobaciones son nuestro compromiso con la calidad del producto y la satisfacci\u00f3n del cliente.<\/p>    <h2 class=\"wp-block-heading\"><strong>Comentarios de clientes de todo el mundo<\/strong><\/h2>    <p>Nuestros clientes dan comentarios positivos sobre nuestros productos y servicios. Reconocen la eficiencia, confiabilidad y durabilidad de nuestras m\u00e1quinas de hielo seco. La satisfacci\u00f3n del cliente es nuestro objetivo constante y continuaremos brind\u00e1ndoles productos de calidad y un servicio excelente.<\/p>","protected":false},"excerpt":{"rendered":"<p>We are a professional manufacturer of dry ice machines, dedicated to providing high-quality dry ice production equipment to customers worldwide. With an advanced production process and professional team, we are committed to R&amp;D and innovation to meet the needs of different industries. Our factory facilities are modernized with advanced equipment and a strict quality control [&hellip;]<\/p>\n","protected":false},"author":1,"featured_media":0,"parent":0,"menu_order":0,"comment_status":"closed","ping_status":"closed","template":"","meta":{"footnotes":""},"class_list":["post-30","page","type-page","status-publish","hentry"],"_links":{"self":[{"href":"https:\/\/dry-ice-equipment.com\/es\/wp-json\/wp\/v2\/pages\/30","targetHints":{"allow":["GET"]}}],"collection":[{"href":"https:\/\/dry-ice-equipment.com\/es\/wp-json\/wp\/v2\/pages"}],"about":[{"href":"https:\/\/dry-ice-equipment.com\/es\/wp-json\/wp\/v2\/types\/page"}],"author":[{"embeddable":true,"href":"https:\/\/dry-ice-equipment.com\/es\/wp-json\/wp\/v2\/users\/1"}],"replies":[{"embeddable":true,"href":"https:\/\/dry-ice-equipment.com\/es\/wp-json\/wp\/v2\/comments?post=30"}],"version-history":[{"count":0,"href":"https:\/\/dry-ice-equipment.com\/es\/wp-json\/wp\/v2\/pages\/30\/revisions"}],"wp:attachment":[{"href":"https:\/\/dry-ice-equipment.com\/es\/wp-json\/wp\/v2\/media?parent=30"}],"curies":[{"name":"wp","href":"https:\/\/api.w.org\/{rel}","templated":true}]}}