{"id":1302,"date":"2023-05-26T17:01:15","date_gmt":"2023-05-26T09:01:15","guid":{"rendered":"https:\/\/dry-ice-equipment.com\/?page_id=1302"},"modified":"2023-05-26T17:13:30","modified_gmt":"2023-05-26T09:13:30","slug":"faq","status":"publish","type":"page","link":"https:\/\/dry-ice-equipment.com\/es\/faq\/","title":{"rendered":"Preguntas m\u00e1s frecuentes"},"content":{"rendered":"<div id=\"rank-math-faq\" class=\"rank-math-block\"> <div class=\"rank-math-list\"> <div id=\"faq-question-1685091836096\" class=\"rank-math-list-item\"> <h2 class=\"rank-math-question\">P1: \u00bfQu\u00e9 es una m\u00e1quina de hielo seco?<\/h2> <div class=\"rank-math-answer\">  <p>R1: Una m\u00e1quina de hielo seco es un equipo dise\u00f1ado espec\u00edficamente para producir hielo seco enfriando y comprimiendo r\u00e1pidamente di\u00f3xido de carbono l\u00edquido para que se condense en hielo seco s\u00f3lido.<\/p>  <\/div> <\/div> <div id=\"faq-question-1685091896187\" class=\"rank-math-list-item\"> <h2 class=\"rank-math-question\">P2: \u00bfCu\u00e1les son los usos del hielo seco?<\/h2> <div class=\"rank-math-answer\">  <p>R2: El hielo seco tiene las caracter\u00edsticas de baja temperatura, sin residuos, sin humedad, etc. Se usa ampliamente en refrigeraci\u00f3n de alimentos, transporte m\u00e9dico, limpieza con hielo seco y otros campos.<\/p>  <\/div> <\/div> <div id=\"faq-question-1685091928787\" class=\"rank-math-list-item\"> <h2 class=\"rank-math-question\">P3: \u00bfC\u00f3mo elegir una m\u00e1quina de hielo seco adecuada?<\/h2> <div class=\"rank-math-answer\">  <p>R3: Al elegir una m\u00e1quina de hielo seco, debe considerar factores como la capacidad de producci\u00f3n, el tipo de hielo seco (pellet, bloque), escenarios de uso y comunicaci\u00f3n con el fabricante para obtener una soluci\u00f3n personalizada.<\/p>  <\/div> <\/div> <div id=\"faq-question-1685091969258\" class=\"rank-math-list-item\"> <h2 class=\"rank-math-question\">P4: \u00bfCu\u00e1les son las condiciones de almacenamiento del hielo seco?<\/h2> <div class=\"rank-math-answer\">  <p>R4: El hielo seco debe almacenarse en recipientes sellados y aislados a bajas temperaturas para evitar su r\u00e1pida evaporaci\u00f3n.<\/p>  <\/div> <\/div> <div id=\"faq-question-1685092000658\" class=\"rank-math-list-item\"> <h2 class=\"rank-math-question\">P5: \u00bfEl hielo seco produce vapores?<\/h2> <div class=\"rank-math-answer\">  <p>R5: S\u00ed, el hielo seco se convertir\u00e1 r\u00e1pidamente en gas di\u00f3xido de carbono cuando entre en contacto con el aire y producir\u00e1 un efecto de humo blanco.<\/p>  <\/div> <\/div> <div id=\"faq-question-1685092019770\" class=\"rank-math-list-item\"> <h2 class=\"rank-math-question\">P6: \u00bfCu\u00e1l es la velocidad de disoluci\u00f3n del hielo seco?<\/h2> <div class=\"rank-math-answer\">  <p>R6: La velocidad de disoluci\u00f3n del hielo seco depende de las condiciones ambientales y la forma de uso; generalmente, el bloque de hielo seco se puede disolver completamente en 24 horas.<\/p>  <\/div> <\/div> <div id=\"faq-question-1685092057836\" class=\"rank-math-list-item\"> <h2 class=\"rank-math-question\">P7: \u00bfSe puede reutilizar el hielo seco?<\/h2> <div class=\"rank-math-answer\">  <p>R7: El hielo seco es un producto consumible y una vez disuelto, no puede solidificarse nuevamente en hielo seco. Es necesario volver a preparar el hielo seco seg\u00fan sea necesario.<\/p>  <\/div> <\/div> <div id=\"faq-question-1685092113947\" class=\"rank-math-list-item\"> <h2 class=\"rank-math-question\">P8: \u00bfC\u00f3mo compro una m\u00e1quina de hielo seco?<\/h2> <div class=\"rank-math-answer\">  <p>R8: Puede comunicarse con el fabricante o proveedor de la m\u00e1quina de hielo seco para conocer las especificaciones del producto, el precio y el servicio posventa, y tomar una decisi\u00f3n de compra basada en sus necesidades reales.<\/p>  <\/div> <\/div> <div id=\"faq-question-1685092135851\" class=\"rank-math-list-item\"> <h2 class=\"rank-math-question\">P9: \u00bfQu\u00e9 incluye el servicio postventa de la m\u00e1quina de hielo seco?<\/h2> <div class=\"rank-math-answer\">  <p>R9: El servicio posventa para m\u00e1quinas de hielo seco generalmente incluye instrucciones de instalaci\u00f3n del equipo, capacitaci\u00f3n operativa, soporte t\u00e9cnico y mantenimiento. Aseg\u00farese de aclarar los detalles y la duraci\u00f3n del servicio posventa con su proveedor.<\/p>  <\/div> <\/div> <div id=\"faq-question-1685092158459\" class=\"rank-math-list-item\"> <h2 class=\"rank-math-question\">P10: \u00bfC\u00f3mo me comunico con el proveedor de mi m\u00e1quina de hielo seco para obtener asistencia posventa?<\/h2> <div class=\"rank-math-answer\">  <p>R10: Puede ponerse en contacto con su proveedor para obtener asistencia posventa por correo electr\u00f3nico, tel\u00e9fono o servicio de atenci\u00f3n al cliente en l\u00ednea. El proveedor generalmente proporcionar\u00e1 informaci\u00f3n de contacto para facilitar la comunicaci\u00f3n y ayudar a resolver problemas.<\/p>  <\/div> <\/div> <\/div> <\/div>","protected":false},"excerpt":{"rendered":"","protected":false},"author":1,"featured_media":0,"parent":0,"menu_order":0,"comment_status":"closed","ping_status":"closed","template":"","meta":{"footnotes":""},"class_list":["post-1302","page","type-page","status-publish","hentry"],"_links":{"self":[{"href":"https:\/\/dry-ice-equipment.com\/es\/wp-json\/wp\/v2\/pages\/1302","targetHints":{"allow":["GET"]}}],"collection":[{"href":"https:\/\/dry-ice-equipment.com\/es\/wp-json\/wp\/v2\/pages"}],"about":[{"href":"https:\/\/dry-ice-equipment.com\/es\/wp-json\/wp\/v2\/types\/page"}],"author":[{"embeddable":true,"href":"https:\/\/dry-ice-equipment.com\/es\/wp-json\/wp\/v2\/users\/1"}],"replies":[{"embeddable":true,"href":"https:\/\/dry-ice-equipment.com\/es\/wp-json\/wp\/v2\/comments?post=1302"}],"version-history":[{"count":0,"href":"https:\/\/dry-ice-equipment.com\/es\/wp-json\/wp\/v2\/pages\/1302\/revisions"}],"wp:attachment":[{"href":"https:\/\/dry-ice-equipment.com\/es\/wp-json\/wp\/v2\/media?parent=1302"}],"curies":[{"name":"wp","href":"https:\/\/api.w.org\/{rel}","templated":true}]}}